{"id":70,"date":"2024-02-24T10:01:50","date_gmt":"2024-02-24T10:01:50","guid":{"rendered":"https:\/\/fasi-haller.de\/?page_id=70"},"modified":"2025-12-01T17:24:48","modified_gmt":"2025-12-01T17:24:48","slug":"fasihaller","status":"publish","type":"page","link":"https:\/\/fasi-haller.de\/","title":{"rendered":"FasiHaller"},"content":{"rendered":"<div class=\"\" style=\"\" >\n    \n    <section class=\"u-align-center u-clearfix u-container-align-center u-grey-5 u-section-2\" id=\"carousel_9b4a\">\n      <div class=\"u-clearfix u-sheet u-sheet-1\">\n        <h2 class=\"u-text u-text-default u-text-1\">Kontaktieren Sie mich<\/h2>\n        <div class=\"custom-expanded u-align-center u-container-align-center u-container-style u-group u-shape-rectangle u-white u-group-1\">\n          <div class=\"u-container-layout u-container-layout-1\">\n            <h5 class=\"u-text u-text-2\">Bei Fragen zu Arbeitsschutz oder Gesundheitsschutz senden Sie mir gerne eine Email<\/h5>\n            <div class=\"u-form u-form-1\">\n              <form action=\"https:\/\/service.nicepagesrv.com\/form\/v4\/form-process\" class=\"u-clearfix u-form-spacing-28 u-form-vertical u-inner-form\" source=\"email\" name=\"form\" style=\"padding: 0px;\">\n                <div class=\"u-form-group u-form-name\">\n                  <label for=\"name-c6a3\" class=\"u-label\">Name<\/label>\n                  <input type=\"text\" placeholder=\"Bitte geben Sie Ihren Namen ein\" id=\"name-c6a3\" name=\"name\" class=\"u-border-none u-grey-5 u-input u-input-rectangle\" required=\"\">\n                <\/div>\n                <div class=\"u-form-email u-form-group\">\n                  <label for=\"email-c6a3\" class=\"u-label\">Email<\/label>\n                  <input type=\"email\" placeholder=\"Bitte geben Sie eine g\u00fcltige Email - Adresse ein\" id=\"email-c6a3\" name=\"email\" class=\"u-border-none u-grey-5 u-input u-input-rectangle\" required=\"\" oldautocomplete=\"remove\" autocomplete=\"off\">\n                  <div id=\"pwm-inline-icon-10607\" class=\"pwm-field-icon\" style=\"margin-top: -20px; margin-left: 300px; position: absolute !important; width: 18px; height: 18px; min-height: 0px; min-width: 0px; z-index: 2147483645 !important; box-shadow: none !important; box-sizing: content-box !important; background: none !important; border: none !important; padding: 0px; cursor: pointer !important; outline: none !important;\">\n                    <svg style=\"display: inline-block !important; width: 16px; height: 16px; fill: rgb(230, 0, 23) !important; margin-top: 1px; position: absolute !important; top: 0px; left: 0px;\" viewBox=\"0 0 40 64\"><g><path d=\"m20,28.12a33.78,33.78 0 0 1 13.36,2.74a22.18,22.18 0 0 1 0.64,5.32c0,9.43 -5.66,17.81 -14,20.94c-8.34,-3.13 -14,-11.51 -14,-20.94a22.2,22.2 0 0 1 0.64,-5.32a33.78,33.78 0 0 1 13.36,-2.74m0,-28.12c-8.82,0 -14,7.36 -14,16.41l0,5.16c2,-1.2 2,-1.49 5,-2.08l0,-3.08c0,-6.21 2.9,-11.41 8.81,-11.41l0.19,0c6.6,0 9,4.77 9,11.41l0,3.08c3,0.58 3,0.88 5,2.08l0,-5.16c0,-9 -5.18,-16.41 -14,-16.41l0,0zm0,22c-6.39,0 -12.77,0.67 -18.47,4a31.6,31.6 0 0 0 -1.53,9.74c0,13.64 8.52,25 20,28.26c11.48,-3.27 20,-14.63 20,-28.26a31.66,31.66 0 0 0 -1.54,-9.77c-5.69,-3.3 -12.08,-4 -18.47,-4l0,0l0.01,0.03z\"><\/path><path d=\"m21.23,39.5a2.81,2.81 0 0 0 1.77,-2.59a2.94,2.94 0 0 0 -3,-2.93a3,3 0 0 0 -3,3a2.66,2.66 0 0 0 1.77,2.48l-1.77,4.54l6,0l-1.77,-4.5z\"><\/path>\n<\/g><\/svg>\n                  <\/div>\n                  <div id=\"pwm-inline-icon-58826\" class=\"pwm-field-icon\" style=\"margin-top: -20px; margin-left: 649px; position: absolute !important; width: 18px; height: 18px; min-height: 0px; min-width: 0px; z-index: 2147483645 !important; box-shadow: none !important; box-sizing: content-box !important; background: none !important; border: none !important; padding: 0px; cursor: pointer !important; outline: none !important;\">\n                    <svg style=\"display: inline-block !important; width: 16px; height: 16px; fill: rgb(230, 0, 23) !important; margin-top: 1px; position: absolute !important; top: 0px; left: 0px;\" viewBox=\"0 0 40 64\"><g><path d=\"m20,28.12a33.78,33.78 0 0 1 13.36,2.74a22.18,22.18 0 0 1 0.64,5.32c0,9.43 -5.66,17.81 -14,20.94c-8.34,-3.13 -14,-11.51 -14,-20.94a22.2,22.2 0 0 1 0.64,-5.32a33.78,33.78 0 0 1 13.36,-2.74m0,-28.12c-8.82,0 -14,7.36 -14,16.41l0,5.16c2,-1.2 2,-1.49 5,-2.08l0,-3.08c0,-6.21 2.9,-11.41 8.81,-11.41l0.19,0c6.6,0 9,4.77 9,11.41l0,3.08c3,0.58 3,0.88 5,2.08l0,-5.16c0,-9 -5.18,-16.41 -14,-16.41l0,0zm0,22c-6.39,0 -12.77,0.67 -18.47,4a31.6,31.6 0 0 0 -1.53,9.74c0,13.64 8.52,25 20,28.26c11.48,-3.27 20,-14.63 20,-28.26a31.66,31.66 0 0 0 -1.54,-9.77c-5.69,-3.3 -12.08,-4 -18.47,-4l0,0l0.01,0.03z\"><\/path><path d=\"m21.23,39.5a2.81,2.81 0 0 0 1.77,-2.59a2.94,2.94 0 0 0 -3,-2.93a3,3 0 0 0 -3,3a2.66,2.66 0 0 0 1.77,2.48l-1.77,4.54l6,0l-1.77,-4.5z\"><\/path>\n<\/g><\/svg>\n                  <\/div>\n                  <div id=\"pwm-inline-icon-62914\" class=\"pwm-field-icon\" style=\"margin-top: -20px; margin-left: 649px; position: absolute !important; width: 18px; height: 18px; min-height: 0px; min-width: 0px; z-index: 2147483645 !important; box-shadow: none !important; box-sizing: content-box !important; background: none !important; border: none !important; padding: 0px; cursor: pointer !important; outline: none !important;\">\n                    <svg style=\"display: inline-block !important; width: 16px; height: 16px; fill: rgb(230, 0, 23) !important; margin-top: 1px; position: absolute !important; top: 0px; left: 0px;\" viewBox=\"0 0 40 64\"><g><path d=\"m20,28.12a33.78,33.78 0 0 1 13.36,2.74a22.18,22.18 0 0 1 0.64,5.32c0,9.43 -5.66,17.81 -14,20.94c-8.34,-3.13 -14,-11.51 -14,-20.94a22.2,22.2 0 0 1 0.64,-5.32a33.78,33.78 0 0 1 13.36,-2.74m0,-28.12c-8.82,0 -14,7.36 -14,16.41l0,5.16c2,-1.2 2,-1.49 5,-2.08l0,-3.08c0,-6.21 2.9,-11.41 8.81,-11.41l0.19,0c6.6,0 9,4.77 9,11.41l0,3.08c3,0.58 3,0.88 5,2.08l0,-5.16c0,-9 -5.18,-16.41 -14,-16.41l0,0zm0,22c-6.39,0 -12.77,0.67 -18.47,4a31.6,31.6 0 0 0 -1.53,9.74c0,13.64 8.52,25 20,28.26c11.48,-3.27 20,-14.63 20,-28.26a31.66,31.66 0 0 0 -1.54,-9.77c-5.69,-3.3 -12.08,-4 -18.47,-4l0,0l0.01,0.03z\"><\/path><path d=\"m21.23,39.5a2.81,2.81 0 0 0 1.77,-2.59a2.94,2.94 0 0 0 -3,-2.93a3,3 0 0 0 -3,3a2.66,2.66 0 0 0 1.77,2.48l-1.77,4.54l6,0l-1.77,-4.5z\"><\/path>\n<\/g><\/svg>\n                  <\/div>\n                <\/div>\n                <div class=\"u-form-group u-form-partition-factor-2 u-form-phone u-form-group-3\">\n                  <label for=\"phone-84d9\" class=\"u-label\">Telefon<\/label>\n                  <input type=\"tel\" pattern=\"\\+?\\d{0,3}[\\s\\(\\-]?([0-9]{2,3})[\\s\\)\\-]?([\\s\\-]?)([0-9]{3})[\\s\\-]?([0-9]{2})[\\s\\-]?([0-9]{2})\" placeholder=\"Bitte geben Sie hier Ihre Telefonnummer ein\" id=\"phone-84d9\" name=\"phone\" class=\"u-border-none u-grey-5 u-input u-input-rectangle\" required=\"\">\n                <\/div>\n                <div class=\"u-form-address u-form-group u-form-partition-factor-2 u-form-group-4\">\n                  <label for=\"address-be2d\" class=\"u-label\">Adresse<\/label>\n                  <input type=\"text\" placeholder=\"Bitte geben Sie Ihre Anschrift ein\" id=\"address-be2d\" name=\"address\" class=\"u-border-none u-grey-5 u-input u-input-rectangle\" required=\"\">\n                <\/div>\n                <div class=\"u-form-group u-form-message\">\n                  <label for=\"message-c6a3\" class=\"u-label\">Message<\/label>\n                  <textarea placeholder=\"Bitte geben Sie hier Ihre Nachricht an mich ein\" rows=\"4\" cols=\"50\" id=\"message-c6a3\" name=\"message\" class=\"u-border-none u-grey-5 u-input u-input-rectangle\" required=\"\"><\/textarea>\n                <\/div>\n                <div class=\"u-align-left u-form-group u-form-submit\">\n                  <a href=\"#\" class=\"u-btn u-btn-submit u-button-style u-palette-3-base u-btn-1\">Absenden<\/a>\n                  <input type=\"submit\" value=\"submit\" class=\"u-form-control-hidden\">\n                <\/div>\n                <div class=\"u-form-send-message u-form-send-success\">Vielen Dank! Ihre Email wurde gesendet.<\/div>\n                <div class=\"u-form-send-error u-form-send-message\">Leider kann die Email nicht versendete werden. Bitte korrigieren Sie die Eingaben.<\/div>\n                <input type=\"hidden\" value=\"\" name=\"recaptchaResponse\">\n                <input type=\"hidden\" name=\"formServices\" value=\"1289908e-831e-dc4e-4fea-6e8c8e00aa98;c1eedf78-13bb-d3d2-5e7d-67c95b32481b\">\n              <\/form>\n            <\/div>\n            <a href=\"https:\/\/fasi-haller.de\/\" class=\"u-btn u-button-style u-palette-4-base u-btn-2\">Zur\u00fcck <\/a>\n          <\/div>\n        <\/div>\n      <\/div>\n    <\/section>\n    <section class=\"u-black u-clearfix u-section-3\" id=\"sec-6580\">\n      <div class=\"u-clearfix u-sheet u-valign-middle u-sheet-1\">\n        <div class=\"custom-expanded data-layout-selected u-clearfix u-layout-wrap u-layout-wrap-1\">\n          <div class=\"u-layout\" style=\"\">\n            <div class=\"u-layout-row\" style=\"\">\n              <div class=\"u-container-align-center-sm u-container-align-center-xs u-container-style u-layout-cell u-size-20 u-layout-cell-1\">\n                <div class=\"u-container-layout u-container-layout-1\">\n                  <h2 class=\"u-align-center-sm u-align-center-xs u-align-left-lg u-align-left-md u-align-left-xl u-text u-text-1\"> Arbeits- und Gesundheitsschutz-Experte f\u00fcr Ihre\nSicherheit am Arbeitsplatz<\/h2>\n                  <p class=\"u-align-center-sm u-align-center-xs u-align-left-lg u-align-left-md u-align-left-xl u-text u-text-2\">\n                    <br> Herzlich willkommen!&nbsp;<br>Mein Name ist Richard Haller, ich bin Ihr Ansprechpartner\nf\u00fcr Arbeits- und Gesundheitsschutz. Als erfahrener Experte setze ich mich daf\u00fcr\nein, dass Sie und Ihre Mitarbeiterinnen und Mitarbeiter in einer sicheren und\ngesunden Umgebung arbeiten k\u00f6nnen.<br>\n                    <br> Kontaktieren Sie mich gerne f\u00fcr eine pers\u00f6nliche Beratung!<br>\n                    <br> Wir arbeiten gemeinsam daran, Ihre Arbeitsumgebung sicherer und ges\u00fcnder zu\ngestalten. Vertrauen Sie auf meine Expertise \u2013 ich freue mich auf die\nZusammenarbeit mit Ihnen!<br>&nbsp;<br>Ihr Richard Haller\n                  <\/p>\n                  <a href=\"https:\/\/fasi-haller.de\/\" class=\"u-btn u-button-style u-palette-4-base u-btn-1\">Zur\u00fcck <\/a>\n                <\/div>\n              <\/div>\n              <div class=\"u-align-center u-container-align-center u-container-align-center-md u-container-align-center-sm u-container-align-center-xs u-container-style u-layout-cell u-shape-rectangle u-size-20 u-layout-cell-2\">\n                <div class=\"u-border-20 u-border-palette-3-base u-container-layout u-container-layout-2\">\n                  <h6 class=\"u-align-center u-text u-text-3\">Kontakt <\/h6>\n                  <h6 class=\"u-align-center u-text u-text-4\"> Telefon <\/h6>\n                  <p class=\"u-align-center u-text u-text-5\">+49 (0)&nbsp;170 2271061<\/p>\n                  <h6 class=\"u-align-center u-text u-text-6\">Adresse<\/h6>\n                  <p class=\"u-align-center u-text u-text-7\">Richard Haller<br> Abt-Williramstr. 35<br>85560 Ebersberg\n                  <\/p>\n                  <h2 class=\"u-align-left u-text u-text-8\"> Meine Aufgaben umfassen:<\/h2>\n                  <p class=\"u-align-left u-text u-text-9\"><span style=\"font-weight: 700;\"> Gef\u00e4hrdungsbeurteilung:<\/span> Gemeinsam analysieren wir die Risiken in Ihrem\nUnternehmen und entwickeln Ma\u00dfnahmen zur Minimierung von Gefahren. <br>\n                    <br><span style=\"font-weight: 700;\"> Unterweisungen:<\/span>\n                    <br>&nbsp;Ich sorge daf\u00fcr, dass alle Besch\u00e4ftigten \u00fcber die relevanten\nSicherheits- und Gesundheitsaspekte informiert sind. <br>\n                    <br><span style=\"font-weight: 700;\"> Sicherheitskultur:<\/span>\n                    <br>&nbsp;Eine positive Sicherheitskultur ist entscheidend. Ich\nunterst\u00fctze Sie dabei, diese zu f\u00f6rdern und zu etablieren. <br>\n                    <br><span style=\"font-weight: 700;\"> Beratung:<\/span>\n                    <br>&nbsp;Bei Fragen oder Unsicherheiten stehe ich Ihnen gerne zur Seite und\nfinde individuelle L\u00f6sungen.\n                  <\/p>\n                <\/div>\n              <\/div>\n              <div class=\"u-container-style u-image u-layout-cell u-size-20 u-image-1\" data-image-width=\"360\" data-image-height=\"539\" style=\"background-image: url(&quot;https:\/\/fasi-haller.de\/wp-content\/uploads\/2024\/02\/schieferplatte-und-schutzkleidung_35355-1947.jpg&quot;);\">\n                <div class=\"u-container-layout u-container-layout-3\"><\/div>\n              <\/div>\n            <\/div>\n          <\/div>\n        <\/div>\n      <\/div>\n    <\/section>\n    \n    \n    \n    \n  \n<\/div>","protected":false},"excerpt":{"rendered":"<p>Kontaktieren Sie mich Bei Fragen zu Arbeitsschutz oder Gesundheitsschutz senden Sie mir gerne eine Email Name Email Telefon Adresse Message Absenden Vielen Dank! Ihre Email wurde gesendet. Leider kann die Email nicht versendete werden. Bitte korrigieren Sie die Eingaben. Zur\u00fcck Arbeits- und Gesundheitsschutz-Experte f\u00fcr Ihre Sicherheit am Arbeitsplatz Herzlich willkommen!&nbsp;Mein Name ist Richard Haller, ich [&hellip;]<\/p>\n","protected":false},"author":1,"featured_media":0,"parent":0,"menu_order":0,"comment_status":"closed","ping_status":"closed","template":"","meta":{"footnotes":""},"class_list":["post-70","page","type-page","status-publish","hentry"],"yoast_head":"<!-- This site is optimized with the Yoast SEO plugin v27.3 - https:\/\/yoast.com\/product\/yoast-seo-wordpress\/ -->\n<title>FasiHaller -<\/title>\n<meta name=\"robots\" content=\"index, follow, max-snippet:-1, max-image-preview:large, max-video-preview:-1\" \/>\n<link rel=\"canonical\" href=\"https:\/\/fasi-haller.de\/\" \/>\n<meta property=\"og:locale\" content=\"de_DE\" \/>\n<meta property=\"og:type\" content=\"article\" \/>\n<meta property=\"og:title\" content=\"FasiHaller -\" \/>\n<meta property=\"og:description\" content=\"Kontaktieren Sie mich Bei Fragen zu Arbeitsschutz oder Gesundheitsschutz senden Sie mir gerne eine Email Name Email Telefon Adresse Message Absenden Vielen Dank! Ihre Email wurde gesendet. Leider kann die Email nicht versendete werden. Bitte korrigieren Sie die Eingaben. Zur\u00fcck Arbeits- und Gesundheitsschutz-Experte f\u00fcr Ihre Sicherheit am Arbeitsplatz Herzlich willkommen!&nbsp;Mein Name ist Richard Haller, ich [&hellip;]\" \/>\n<meta property=\"og:url\" content=\"https:\/\/fasi-haller.de\/\" \/>\n<meta property=\"article:modified_time\" content=\"2025-12-01T17:24:48+00:00\" \/>\n<meta name=\"twitter:card\" content=\"summary_large_image\" \/>\n<meta name=\"twitter:label1\" content=\"Gesch\u00e4tzte Lesezeit\" \/>\n\t<meta name=\"twitter:data1\" content=\"2\u00a0Minuten\" \/>\n<script type=\"application\/ld+json\" class=\"yoast-schema-graph\">{\"@context\":\"https:\\\/\\\/schema.org\",\"@graph\":[{\"@type\":\"WebPage\",\"@id\":\"https:\\\/\\\/fasi-haller.de\\\/\",\"url\":\"https:\\\/\\\/fasi-haller.de\\\/\",\"name\":\"FasiHaller -\",\"isPartOf\":{\"@id\":\"https:\\\/\\\/fasi-haller.de\\\/#website\"},\"datePublished\":\"2024-02-24T10:01:50+00:00\",\"dateModified\":\"2025-12-01T17:24:48+00:00\",\"inLanguage\":\"de\",\"potentialAction\":[{\"@type\":\"ReadAction\",\"target\":[\"https:\\\/\\\/fasi-haller.de\\\/\"]}]},{\"@type\":\"WebSite\",\"@id\":\"https:\\\/\\\/fasi-haller.de\\\/#website\",\"url\":\"https:\\\/\\\/fasi-haller.de\\\/\",\"name\":\"Arbeitssicherheit Haller\",\"description\":\"\",\"publisher\":{\"@id\":\"https:\\\/\\\/fasi-haller.de\\\/#organization\"},\"potentialAction\":[{\"@type\":\"SearchAction\",\"target\":{\"@type\":\"EntryPoint\",\"urlTemplate\":\"https:\\\/\\\/fasi-haller.de\\\/?s={search_term_string}\"},\"query-input\":{\"@type\":\"PropertyValueSpecification\",\"valueRequired\":true,\"valueName\":\"search_term_string\"}}],\"inLanguage\":\"de\"},{\"@type\":\"Organization\",\"@id\":\"https:\\\/\\\/fasi-haller.de\\\/#organization\",\"name\":\"Arbeitssicherheit Richard Haller\",\"url\":\"https:\\\/\\\/fasi-haller.de\\\/\",\"logo\":{\"@type\":\"ImageObject\",\"inLanguage\":\"de\",\"@id\":\"https:\\\/\\\/fasi-haller.de\\\/#\\\/schema\\\/logo\\\/image\\\/\",\"url\":\"https:\\\/\\\/fasi-haller.de\\\/wp-content\\\/uploads\\\/2024\\\/02\\\/LogoWeb.gif\",\"contentUrl\":\"https:\\\/\\\/fasi-haller.de\\\/wp-content\\\/uploads\\\/2024\\\/02\\\/LogoWeb.gif\",\"width\":259,\"height\":259,\"caption\":\"Arbeitssicherheit Richard Haller\"},\"image\":{\"@id\":\"https:\\\/\\\/fasi-haller.de\\\/#\\\/schema\\\/logo\\\/image\\\/\"}}]}<\/script>\n<!-- \/ Yoast SEO plugin. -->","yoast_head_json":{"title":"FasiHaller -","robots":{"index":"index","follow":"follow","max-snippet":"max-snippet:-1","max-image-preview":"max-image-preview:large","max-video-preview":"max-video-preview:-1"},"canonical":"https:\/\/fasi-haller.de\/","og_locale":"de_DE","og_type":"article","og_title":"FasiHaller -","og_description":"Kontaktieren Sie mich Bei Fragen zu Arbeitsschutz oder Gesundheitsschutz senden Sie mir gerne eine Email Name Email Telefon Adresse Message Absenden Vielen Dank! Ihre Email wurde gesendet. Leider kann die Email nicht versendete werden. Bitte korrigieren Sie die Eingaben. Zur\u00fcck Arbeits- und Gesundheitsschutz-Experte f\u00fcr Ihre Sicherheit am Arbeitsplatz Herzlich willkommen!&nbsp;Mein Name ist Richard Haller, ich [&hellip;]","og_url":"https:\/\/fasi-haller.de\/","article_modified_time":"2025-12-01T17:24:48+00:00","twitter_card":"summary_large_image","twitter_misc":{"Gesch\u00e4tzte Lesezeit":"2\u00a0Minuten"},"schema":{"@context":"https:\/\/schema.org","@graph":[{"@type":"WebPage","@id":"https:\/\/fasi-haller.de\/","url":"https:\/\/fasi-haller.de\/","name":"FasiHaller -","isPartOf":{"@id":"https:\/\/fasi-haller.de\/#website"},"datePublished":"2024-02-24T10:01:50+00:00","dateModified":"2025-12-01T17:24:48+00:00","inLanguage":"de","potentialAction":[{"@type":"ReadAction","target":["https:\/\/fasi-haller.de\/"]}]},{"@type":"WebSite","@id":"https:\/\/fasi-haller.de\/#website","url":"https:\/\/fasi-haller.de\/","name":"Arbeitssicherheit Haller","description":"","publisher":{"@id":"https:\/\/fasi-haller.de\/#organization"},"potentialAction":[{"@type":"SearchAction","target":{"@type":"EntryPoint","urlTemplate":"https:\/\/fasi-haller.de\/?s={search_term_string}"},"query-input":{"@type":"PropertyValueSpecification","valueRequired":true,"valueName":"search_term_string"}}],"inLanguage":"de"},{"@type":"Organization","@id":"https:\/\/fasi-haller.de\/#organization","name":"Arbeitssicherheit Richard Haller","url":"https:\/\/fasi-haller.de\/","logo":{"@type":"ImageObject","inLanguage":"de","@id":"https:\/\/fasi-haller.de\/#\/schema\/logo\/image\/","url":"https:\/\/fasi-haller.de\/wp-content\/uploads\/2024\/02\/LogoWeb.gif","contentUrl":"https:\/\/fasi-haller.de\/wp-content\/uploads\/2024\/02\/LogoWeb.gif","width":259,"height":259,"caption":"Arbeitssicherheit Richard Haller"},"image":{"@id":"https:\/\/fasi-haller.de\/#\/schema\/logo\/image\/"}}]}},"_links":{"self":[{"href":"https:\/\/fasi-haller.de\/index.php\/wp-json\/wp\/v2\/pages\/70","targetHints":{"allow":["GET"]}}],"collection":[{"href":"https:\/\/fasi-haller.de\/index.php\/wp-json\/wp\/v2\/pages"}],"about":[{"href":"https:\/\/fasi-haller.de\/index.php\/wp-json\/wp\/v2\/types\/page"}],"author":[{"embeddable":true,"href":"https:\/\/fasi-haller.de\/index.php\/wp-json\/wp\/v2\/users\/1"}],"replies":[{"embeddable":true,"href":"https:\/\/fasi-haller.de\/index.php\/wp-json\/wp\/v2\/comments?post=70"}],"version-history":[{"count":21,"href":"https:\/\/fasi-haller.de\/index.php\/wp-json\/wp\/v2\/pages\/70\/revisions"}],"predecessor-version":[{"id":132,"href":"https:\/\/fasi-haller.de\/index.php\/wp-json\/wp\/v2\/pages\/70\/revisions\/132"}],"wp:attachment":[{"href":"https:\/\/fasi-haller.de\/index.php\/wp-json\/wp\/v2\/media?parent=70"}],"curies":[{"name":"wp","href":"https:\/\/api.w.org\/{rel}","templated":true}]}}